{"id":42,"date":"2026-04-11T18:16:07","date_gmt":"2026-04-11T16:16:07","guid":{"rendered":"https:\/\/www.officinenautilus.it\/?page_id=42"},"modified":"2026-04-11T20:16:22","modified_gmt":"2026-04-11T18:16:22","slug":"home","status":"publish","type":"page","link":"https:\/\/www.officinenautilus.it\/","title":{"rendered":"Home"},"content":{"rendered":"\t\t<div data-elementor-type=\"wp-page\" data-elementor-id=\"42\" class=\"elementor elementor-42\" data-elementor-post-type=\"page\">\n\t\t\t\t<div class=\"elementor-element elementor-element-725ee15 e-con-full e-flex e-con e-parent\" data-id=\"725ee15\" data-element_type=\"container\" data-e-type=\"container\">\n\t\t\t\t<div class=\"elementor-element elementor-element-b7e087b elementor--h-position-center elementor--v-position-middle elementor-widget elementor-widget-slides\" data-id=\"b7e087b\" data-element_type=\"widget\" data-e-type=\"widget\" data-settings=\"{&quot;navigation&quot;:&quot;none&quot;,&quot;autoplay&quot;:&quot;yes&quot;,&quot;autoplay_speed&quot;:5000,&quot;infinite&quot;:&quot;yes&quot;,&quot;transition&quot;:&quot;slide&quot;,&quot;transition_speed&quot;:500}\" data-widget_type=\"slides.default\">\n\t\t\t\t\t\t\t\t\t\t<div class=\"elementor-slides-wrapper elementor-main-swiper swiper\" role=\"region\" aria-roledescription=\"carousel\" aria-label=\"Slides\" dir=\"ltr\" data-animation=\"fadeInUp\">\n\t\t\t\t<div class=\"swiper-wrapper elementor-slides\">\n\t\t\t\t\t\t\t\t\t\t<div class=\"elementor-repeater-item-9d15826 swiper-slide\" role=\"group\" aria-roledescription=\"slide\"><div class=\"swiper-slide-bg\" role=\"img\" aria-label=\"officine-nautilus-bar-giugliano-campania-11\"><\/div><div class=\"elementor-background-overlay\"><\/div><div class=\"swiper-slide-inner\" ><div class=\"swiper-slide-contents\"><\/div><\/div><\/div><div class=\"elementor-repeater-item-8817bd8 swiper-slide\" role=\"group\" aria-roledescription=\"slide\"><div class=\"swiper-slide-bg\" role=\"img\" aria-label=\"officine-nautilus-bar-giugliano-campania-12\"><\/div><div class=\"swiper-slide-inner\" ><div class=\"swiper-slide-contents\"><\/div><\/div><\/div>\t\t\t\t<\/div>\n\t\t\t\t\t\t\t\t\t\t\t\t\t\t\t\t\t\t\t\t\t<\/div>\n\t\t\t\t\t\t\t\t<\/div>\n\t\t\t\t<\/div>\n\t\t<div class=\"elementor-element elementor-element-9955355 e-con-full e-flex e-con e-parent\" data-id=\"9955355\" data-element_type=\"container\" data-e-type=\"container\">\n\t\t<div class=\"elementor-element elementor-element-603ba55 e-con-full e-flex e-con e-child\" data-id=\"603ba55\" data-element_type=\"container\" data-e-type=\"container\" data-settings=\"{&quot;background_background&quot;:&quot;classic&quot;}\">\n\t\t\t\t<div class=\"elementor-element elementor-element-170f97b elementor-widget elementor-widget-heading\" data-id=\"170f97b\" data-element_type=\"widget\" data-e-type=\"widget\" data-widget_type=\"heading.default\">\n\t\t\t\t\t<h2 class=\"elementor-heading-title elementor-size-default\">American Coffee Bar<\/h2>\t\t\t\t<\/div>\n\t\t\t\t<\/div>\n\t\t<div class=\"elementor-element elementor-element-4b95217 e-con-full e-flex e-con e-child\" data-id=\"4b95217\" data-element_type=\"container\" data-e-type=\"container\" data-settings=\"{&quot;background_background&quot;:&quot;classic&quot;}\">\n\t\t\t\t<div class=\"elementor-element elementor-element-090b1c8 elementor-widget elementor-widget-heading\" data-id=\"090b1c8\" data-element_type=\"widget\" data-e-type=\"widget\" data-widget_type=\"heading.default\">\n\t\t\t\t\t<h2 class=\"elementor-heading-title elementor-size-default\">London Bakery<\/h2>\t\t\t\t<\/div>\n\t\t\t\t<\/div>\n\t\t<div class=\"elementor-element elementor-element-0a2b84c e-con-full e-flex e-con e-child\" data-id=\"0a2b84c\" data-element_type=\"container\" data-e-type=\"container\" data-settings=\"{&quot;background_background&quot;:&quot;classic&quot;}\">\n\t\t\t\t<div class=\"elementor-element elementor-element-04cf3df elementor-widget elementor-widget-heading\" data-id=\"04cf3df\" data-element_type=\"widget\" data-e-type=\"widget\" data-widget_type=\"heading.default\">\n\t\t\t\t\t<h2 class=\"elementor-heading-title elementor-size-default\">Ice Cream<\/h2>\t\t\t\t<\/div>\n\t\t\t\t<\/div>\n\t\t\t\t<\/div>\n\t\t<div class=\"elementor-element elementor-element-ead03c5 e-con-full e-flex e-con e-parent\" data-id=\"ead03c5\" data-element_type=\"container\" data-e-type=\"container\">\n\t\t<div class=\"elementor-element elementor-element-c52c06c e-con-full e-flex e-con e-child\" data-id=\"c52c06c\" data-element_type=\"container\" data-e-type=\"container\" data-settings=\"{&quot;background_background&quot;:&quot;classic&quot;}\">\n\t\t\t\t<div class=\"elementor-element elementor-element-151dee6 elementor-widget elementor-widget-heading\" data-id=\"151dee6\" data-element_type=\"widget\" data-e-type=\"widget\" data-widget_type=\"heading.default\">\n\t\t\t\t\t<h2 class=\"elementor-heading-title elementor-size-default\">Pasticceria Napoletana<\/h2>\t\t\t\t<\/div>\n\t\t\t\t<\/div>\n\t\t<div class=\"elementor-element elementor-element-7c8cc11 e-con-full e-flex e-con e-child\" data-id=\"7c8cc11\" data-element_type=\"container\" data-e-type=\"container\" data-settings=\"{&quot;background_background&quot;:&quot;classic&quot;}\">\n\t\t\t\t<div class=\"elementor-element elementor-element-9d37219 elementor-widget elementor-widget-heading\" data-id=\"9d37219\" data-element_type=\"widget\" data-e-type=\"widget\" data-widget_type=\"heading.default\">\n\t\t\t\t\t<h2 class=\"elementor-heading-title elementor-size-default\">Cocktail Happy Hour<\/h2>\t\t\t\t<\/div>\n\t\t\t\t<\/div>\n\t\t<div class=\"elementor-element elementor-element-a8ff536 e-con-full e-flex e-con e-child\" data-id=\"a8ff536\" data-element_type=\"container\" data-e-type=\"container\" data-settings=\"{&quot;background_background&quot;:&quot;classic&quot;}\">\n\t\t\t\t<div class=\"elementor-element elementor-element-e11099a elementor-widget elementor-widget-heading\" data-id=\"e11099a\" data-element_type=\"widget\" data-e-type=\"widget\" data-widget_type=\"heading.default\">\n\t\t\t\t\t<h2 class=\"elementor-heading-title elementor-size-default\">Wine Store<\/h2>\t\t\t\t<\/div>\n\t\t\t\t<\/div>\n\t\t\t\t<\/div>\n\t\t<div class=\"elementor-element elementor-element-a007aff e-con-full e-flex e-con e-parent\" data-id=\"a007aff\" data-element_type=\"container\" data-e-type=\"container\" data-settings=\"{&quot;background_background&quot;:&quot;classic&quot;}\">\n\t\t<div class=\"elementor-element elementor-element-97900ea e-con-full e-flex e-con e-child\" data-id=\"97900ea\" data-element_type=\"container\" data-e-type=\"container\">\n\t\t\t\t<div class=\"elementor-element elementor-element-81e3cf5 elementor-widget elementor-widget-heading\" data-id=\"81e3cf5\" data-element_type=\"widget\" data-e-type=\"widget\" data-widget_type=\"heading.default\">\n\t\t\t\t\t<h2 class=\"elementor-heading-title elementor-size-default\">NON IL SOLITO BAR<\/h2>\t\t\t\t<\/div>\n\t\t\t\t<div class=\"elementor-element elementor-element-84648aa elementor-widget__width-initial elementor-widget elementor-widget-text-editor\" data-id=\"84648aa\" data-element_type=\"widget\" data-e-type=\"widget\" data-widget_type=\"text-editor.default\">\n\t\t\t\t\t\t\t\t\t<p>Un unico luogo per un Multistore d&#8217;eccellenza il solito bar cede il posto a servizi unici e particolari.<\/p><p>Caffetteria (caff\u00e8 speciali, american coffee style), Bevande (Cocktail, th\u00e9, distillati), Paticceria, London Bakery e Gelateria<\/p>\t\t\t\t\t\t\t\t<\/div>\n\t\t\t\t<\/div>\n\t\t\t\t<\/div>\n\t\t<div class=\"elementor-element elementor-element-9a948e3 e-con-full e-flex e-con e-parent\" data-id=\"9a948e3\" data-element_type=\"container\" data-e-type=\"container\">\n\t\t<div class=\"elementor-element elementor-element-0ae9290 e-con-full e-flex e-con e-child\" data-id=\"0ae9290\" data-element_type=\"container\" data-e-type=\"container\">\n\t\t<div class=\"elementor-element elementor-element-43327cb e-con-full e-flex e-con e-child\" data-id=\"43327cb\" data-element_type=\"container\" data-e-type=\"container\">\n\t\t\t\t<div class=\"elementor-element elementor-element-12ebe46 elementor-widget elementor-widget-image\" data-id=\"12ebe46\" data-element_type=\"widget\" data-e-type=\"widget\" data-widget_type=\"image.default\">\n\t\t\t\t\t\t\t\t\t\t\t\t\t\t\t<img fetchpriority=\"high\" decoding=\"async\" width=\"1024\" height=\"683\" src=\"https:\/\/www.officinenautilus.it\/wp-content\/uploads\/2026\/04\/officine-nautilus-bar-giugliano-campania-13.avif\" class=\"attachment-large size-large wp-image-29\" alt=\"\" srcset=\"https:\/\/www.officinenautilus.it\/wp-content\/uploads\/2026\/04\/officine-nautilus-bar-giugliano-campania-13.avif 1024w, https:\/\/www.officinenautilus.it\/wp-content\/uploads\/2026\/04\/officine-nautilus-bar-giugliano-campania-13-300x200.avif 300w, https:\/\/www.officinenautilus.it\/wp-content\/uploads\/2026\/04\/officine-nautilus-bar-giugliano-campania-13-768x512.avif 768w\" sizes=\"(max-width: 1024px) 100vw, 1024px\" \/>\t\t\t\t\t\t\t\t\t\t\t\t\t\t\t<\/div>\n\t\t\t\t<\/div>\n\t\t<div class=\"elementor-element elementor-element-b1d0e8a e-con-full e-flex e-con e-child\" data-id=\"b1d0e8a\" data-element_type=\"container\" data-e-type=\"container\">\n\t\t\t\t<div class=\"elementor-element elementor-element-67e1e98 elementor-widget elementor-widget-image\" data-id=\"67e1e98\" data-element_type=\"widget\" data-e-type=\"widget\" data-widget_type=\"image.default\">\n\t\t\t\t\t\t\t\t\t\t\t\t\t\t\t<img decoding=\"async\" width=\"1024\" height=\"590\" src=\"https:\/\/www.officinenautilus.it\/wp-content\/uploads\/2026\/04\/officine-nautilus-bar-giugliano-campania-14.avif\" class=\"attachment-large size-large wp-image-30\" alt=\"\" srcset=\"https:\/\/www.officinenautilus.it\/wp-content\/uploads\/2026\/04\/officine-nautilus-bar-giugliano-campania-14.avif 1024w, https:\/\/www.officinenautilus.it\/wp-content\/uploads\/2026\/04\/officine-nautilus-bar-giugliano-campania-14-300x173.avif 300w, https:\/\/www.officinenautilus.it\/wp-content\/uploads\/2026\/04\/officine-nautilus-bar-giugliano-campania-14-768x443.avif 768w\" sizes=\"(max-width: 1024px) 100vw, 1024px\" \/>\t\t\t\t\t\t\t\t\t\t\t\t\t\t\t<\/div>\n\t\t\t\t<\/div>\n\t\t<div class=\"elementor-element elementor-element-101aa8d e-con-full e-flex e-con e-child\" data-id=\"101aa8d\" data-element_type=\"container\" data-e-type=\"container\">\n\t\t\t\t<div class=\"elementor-element elementor-element-390d370 elementor-widget elementor-widget-image\" data-id=\"390d370\" data-element_type=\"widget\" data-e-type=\"widget\" data-widget_type=\"image.default\">\n\t\t\t\t\t\t\t\t\t\t\t\t\t\t\t<img decoding=\"async\" width=\"1024\" height=\"683\" src=\"https:\/\/www.officinenautilus.it\/wp-content\/uploads\/2026\/04\/officine-nautilus-bar-giugliano-campania-15.avif\" class=\"attachment-large size-large wp-image-31\" alt=\"\" srcset=\"https:\/\/www.officinenautilus.it\/wp-content\/uploads\/2026\/04\/officine-nautilus-bar-giugliano-campania-15.avif 1024w, https:\/\/www.officinenautilus.it\/wp-content\/uploads\/2026\/04\/officine-nautilus-bar-giugliano-campania-15-300x200.avif 300w, https:\/\/www.officinenautilus.it\/wp-content\/uploads\/2026\/04\/officine-nautilus-bar-giugliano-campania-15-768x512.avif 768w\" sizes=\"(max-width: 1024px) 100vw, 1024px\" \/>\t\t\t\t\t\t\t\t\t\t\t\t\t\t\t<\/div>\n\t\t\t\t<\/div>\n\t\t\t\t<\/div>\n\t\t<div class=\"elementor-element elementor-element-3f41432 e-con-full e-flex e-con e-child\" data-id=\"3f41432\" data-element_type=\"container\" data-e-type=\"container\">\n\t\t<div class=\"elementor-element elementor-element-5f3f86e e-con-full e-flex e-con e-child\" data-id=\"5f3f86e\" data-element_type=\"container\" data-e-type=\"container\" data-settings=\"{&quot;background_background&quot;:&quot;classic&quot;}\">\n\t\t\t\t<div class=\"elementor-element elementor-element-40cd1fc elementor-widget elementor-widget-heading\" data-id=\"40cd1fc\" data-element_type=\"widget\" data-e-type=\"widget\" data-widget_type=\"heading.default\">\n\t\t\t\t\t<h2 class=\"elementor-heading-title elementor-size-default\">Nel nostro store<\/h2>\t\t\t\t<\/div>\n\t\t\t\t<\/div>\n\t\t<div class=\"elementor-element elementor-element-9170c4b e-con-full e-flex e-con e-child\" data-id=\"9170c4b\" data-element_type=\"container\" data-e-type=\"container\">\n\t\t\t\t<div class=\"elementor-element elementor-element-a0c8843 elementor-widget elementor-widget-image\" data-id=\"a0c8843\" data-element_type=\"widget\" data-e-type=\"widget\" data-widget_type=\"image.default\">\n\t\t\t\t\t\t\t\t\t\t\t\t\t\t\t<img loading=\"lazy\" decoding=\"async\" width=\"1024\" height=\"683\" src=\"https:\/\/www.officinenautilus.it\/wp-content\/uploads\/2026\/04\/officine-nautilus-bar-giugliano-campania-16.avif\" class=\"attachment-large size-large wp-image-32\" alt=\"\" srcset=\"https:\/\/www.officinenautilus.it\/wp-content\/uploads\/2026\/04\/officine-nautilus-bar-giugliano-campania-16.avif 1024w, https:\/\/www.officinenautilus.it\/wp-content\/uploads\/2026\/04\/officine-nautilus-bar-giugliano-campania-16-300x200.avif 300w, https:\/\/www.officinenautilus.it\/wp-content\/uploads\/2026\/04\/officine-nautilus-bar-giugliano-campania-16-768x512.avif 768w\" sizes=\"(max-width: 1024px) 100vw, 1024px\" \/>\t\t\t\t\t\t\t\t\t\t\t\t\t\t\t<\/div>\n\t\t\t\t<\/div>\n\t\t\t\t<\/div>\n\t\t<div class=\"elementor-element elementor-element-37c9daa e-con-full e-flex e-con e-child\" data-id=\"37c9daa\" data-element_type=\"container\" data-e-type=\"container\">\n\t\t<div class=\"elementor-element elementor-element-9c8ec66 e-con-full e-flex e-con e-child\" data-id=\"9c8ec66\" data-element_type=\"container\" data-e-type=\"container\">\n\t\t\t\t<div class=\"elementor-element elementor-element-a82d3f2 elementor-widget elementor-widget-image\" data-id=\"a82d3f2\" data-element_type=\"widget\" data-e-type=\"widget\" data-widget_type=\"image.default\">\n\t\t\t\t\t\t\t\t\t\t\t\t\t\t\t<img loading=\"lazy\" decoding=\"async\" width=\"1024\" height=\"819\" src=\"https:\/\/www.officinenautilus.it\/wp-content\/uploads\/2026\/04\/officine-nautilus-bar-giugliano-campania-17.avif\" class=\"attachment-large size-large wp-image-33\" alt=\"\" srcset=\"https:\/\/www.officinenautilus.it\/wp-content\/uploads\/2026\/04\/officine-nautilus-bar-giugliano-campania-17.avif 1024w, https:\/\/www.officinenautilus.it\/wp-content\/uploads\/2026\/04\/officine-nautilus-bar-giugliano-campania-17-300x240.avif 300w, https:\/\/www.officinenautilus.it\/wp-content\/uploads\/2026\/04\/officine-nautilus-bar-giugliano-campania-17-768x614.avif 768w\" sizes=\"(max-width: 1024px) 100vw, 1024px\" \/>\t\t\t\t\t\t\t\t\t\t\t\t\t\t\t<\/div>\n\t\t\t\t<\/div>\n\t\t<div class=\"elementor-element elementor-element-8cacf5c e-con-full e-flex e-con e-child\" data-id=\"8cacf5c\" data-element_type=\"container\" data-e-type=\"container\">\n\t\t\t\t<div class=\"elementor-element elementor-element-67eb99b elementor-widget elementor-widget-image\" data-id=\"67eb99b\" data-element_type=\"widget\" data-e-type=\"widget\" data-widget_type=\"image.default\">\n\t\t\t\t\t\t\t\t\t\t\t\t\t\t\t<img loading=\"lazy\" decoding=\"async\" width=\"1024\" height=\"683\" src=\"https:\/\/www.officinenautilus.it\/wp-content\/uploads\/2026\/04\/officine-nautilus-bar-giugliano-campania-18.avif\" class=\"attachment-large size-large wp-image-34\" alt=\"\" srcset=\"https:\/\/www.officinenautilus.it\/wp-content\/uploads\/2026\/04\/officine-nautilus-bar-giugliano-campania-18.avif 1024w, https:\/\/www.officinenautilus.it\/wp-content\/uploads\/2026\/04\/officine-nautilus-bar-giugliano-campania-18-300x200.avif 300w, https:\/\/www.officinenautilus.it\/wp-content\/uploads\/2026\/04\/officine-nautilus-bar-giugliano-campania-18-768x512.avif 768w\" sizes=\"(max-width: 1024px) 100vw, 1024px\" \/>\t\t\t\t\t\t\t\t\t\t\t\t\t\t\t<\/div>\n\t\t\t\t<\/div>\n\t\t\t\t<\/div>\n\t\t\t\t<\/div>\n\t\t<div class=\"elementor-element elementor-element-62dcc4c e-con-full e-flex e-con e-parent\" data-id=\"62dcc4c\" data-element_type=\"container\" data-e-type=\"container\" data-settings=\"{&quot;background_background&quot;:&quot;classic&quot;}\">\n\t\t<div class=\"elementor-element elementor-element-b370510 e-con-full e-flex e-con e-child\" data-id=\"b370510\" data-element_type=\"container\" data-e-type=\"container\">\n\t\t\t\t<div class=\"elementor-element elementor-element-63e5b36 elementor-widget elementor-widget-heading\" data-id=\"63e5b36\" data-element_type=\"widget\" data-e-type=\"widget\" data-widget_type=\"heading.default\">\n\t\t\t\t\t<h2 class=\"elementor-heading-title elementor-size-default\">- CEO fondatore Francesco D'Alena - <\/h2>\t\t\t\t<\/div>\n\t\t\t\t<div class=\"elementor-element elementor-element-767a2a3 elementor-widget elementor-widget-heading\" data-id=\"767a2a3\" data-element_type=\"widget\" data-e-type=\"widget\" data-widget_type=\"heading.default\">\n\t\t\t\t\t<h2 class=\"elementor-heading-title elementor-size-default\">Il Capitano<\/h2>\t\t\t\t<\/div>\n\t\t\t\t<div class=\"elementor-element elementor-element-87b4bc5 elementor-widget elementor-widget-image\" data-id=\"87b4bc5\" data-element_type=\"widget\" data-e-type=\"widget\" data-widget_type=\"image.default\">\n\t\t\t\t\t\t\t\t\t\t\t\t\t\t\t<img loading=\"lazy\" decoding=\"async\" width=\"750\" height=\"420\" src=\"https:\/\/www.officinenautilus.it\/wp-content\/uploads\/2026\/04\/officine-nautilus-bar-giugliano-campania-22.avif\" class=\"attachment-large size-large wp-image-38\" alt=\"\" srcset=\"https:\/\/www.officinenautilus.it\/wp-content\/uploads\/2026\/04\/officine-nautilus-bar-giugliano-campania-22.avif 750w, https:\/\/www.officinenautilus.it\/wp-content\/uploads\/2026\/04\/officine-nautilus-bar-giugliano-campania-22-300x168.avif 300w\" sizes=\"(max-width: 750px) 100vw, 750px\" \/>\t\t\t\t\t\t\t\t\t\t\t\t\t\t\t<\/div>\n\t\t\t\t<div class=\"elementor-element elementor-element-5072972 elementor-widget__width-initial elementor-widget elementor-widget-text-editor\" data-id=\"5072972\" data-element_type=\"widget\" data-e-type=\"widget\" data-widget_type=\"text-editor.default\">\n\t\t\t\t\t\t\t\t\t<p>Che sia per un incontro tra amic, un veloce meeting di lavoro o la semplice voglia di lasciarsi alle spalle la giornata in ufficio in un&#8217;atmosfera di relax.<\/p><p>Officine Nautilus \u00e8 il luogo ideale per gustare un buon aperitivo, o una semplice pausa caff\u00e8.<\/p><p>Una sala esterna calda ed accogliente curata nei minimi dettagli con personale attento e disponibile.<\/p><p>Officine Nautilus \u00e8 stato pensato per una clientela dinamica e al passo con i tempi, senza perdere di vista la professionalit\u00e0che contraddistingue l&#8217;azienda da pi\u00f9 di vent&#8217;anni.<\/p><p>\u00a0<\/p>\t\t\t\t\t\t\t\t<\/div>\n\t\t\t\t<\/div>\n\t\t<div class=\"elementor-element elementor-element-ee9151c e-con-full e-flex e-con e-child\" data-id=\"ee9151c\" data-element_type=\"container\" data-e-type=\"container\">\n\t\t\t\t<div class=\"elementor-element elementor-element-328b1e1 elementor-widget elementor-widget-heading\" data-id=\"328b1e1\" data-element_type=\"widget\" data-e-type=\"widget\" data-widget_type=\"heading.default\">\n\t\t\t\t\t<h2 class=\"elementor-heading-title elementor-size-default\">- La nostra flotta - <\/h2>\t\t\t\t<\/div>\n\t\t\t\t<div class=\"elementor-element elementor-element-845e198 elementor-widget elementor-widget-heading\" data-id=\"845e198\" data-element_type=\"widget\" data-e-type=\"widget\" data-widget_type=\"heading.default\">\n\t\t\t\t\t<h2 class=\"elementor-heading-title elementor-size-default\">Ormeggiando tra sapori e dolcezza<\/h2>\t\t\t\t<\/div>\n\t\t<div class=\"elementor-element elementor-element-05316bf e-con-full e-flex e-con e-child\" data-id=\"05316bf\" data-element_type=\"container\" data-e-type=\"container\">\n\t\t\t\t<div class=\"elementor-element elementor-element-40be142 elementor-widget elementor-widget-image\" data-id=\"40be142\" data-element_type=\"widget\" data-e-type=\"widget\" data-widget_type=\"image.default\">\n\t\t\t\t\t\t\t\t\t\t\t\t\t\t\t<img loading=\"lazy\" decoding=\"async\" width=\"616\" height=\"538\" src=\"https:\/\/www.officinenautilus.it\/wp-content\/uploads\/2026\/04\/Cozzamia.png\" class=\"attachment-large size-large wp-image-15\" alt=\"\" srcset=\"https:\/\/www.officinenautilus.it\/wp-content\/uploads\/2026\/04\/Cozzamia.png 616w, https:\/\/www.officinenautilus.it\/wp-content\/uploads\/2026\/04\/Cozzamia-300x262.png 300w\" sizes=\"(max-width: 616px) 100vw, 616px\" \/>\t\t\t\t\t\t\t\t\t\t\t\t\t\t\t<\/div>\n\t\t\t\t<div class=\"elementor-element elementor-element-2af9066 elementor-widget elementor-widget-image\" data-id=\"2af9066\" data-element_type=\"widget\" data-e-type=\"widget\" data-widget_type=\"image.default\">\n\t\t\t\t\t\t\t\t\t\t\t\t\t\t\t<img loading=\"lazy\" decoding=\"async\" width=\"460\" height=\"329\" src=\"https:\/\/www.officinenautilus.it\/wp-content\/uploads\/2026\/04\/BOSS_logo.png\" class=\"attachment-large size-large wp-image-14\" alt=\"\" srcset=\"https:\/\/www.officinenautilus.it\/wp-content\/uploads\/2026\/04\/BOSS_logo.png 460w, https:\/\/www.officinenautilus.it\/wp-content\/uploads\/2026\/04\/BOSS_logo-300x215.png 300w\" sizes=\"(max-width: 460px) 100vw, 460px\" \/>\t\t\t\t\t\t\t\t\t\t\t\t\t\t\t<\/div>\n\t\t\t\t<div class=\"elementor-element elementor-element-007304b elementor-widget elementor-widget-image\" data-id=\"007304b\" data-element_type=\"widget\" data-e-type=\"widget\" data-widget_type=\"image.default\">\n\t\t\t\t\t\t\t\t\t\t\t\t\t\t\t<img loading=\"lazy\" decoding=\"async\" width=\"573\" height=\"541\" src=\"https:\/\/www.officinenautilus.it\/wp-content\/uploads\/2026\/04\/logo2.png\" class=\"attachment-large size-large wp-image-10\" alt=\"\" srcset=\"https:\/\/www.officinenautilus.it\/wp-content\/uploads\/2026\/04\/logo2.png 573w, https:\/\/www.officinenautilus.it\/wp-content\/uploads\/2026\/04\/logo2-300x283.png 300w\" sizes=\"(max-width: 573px) 100vw, 573px\" \/>\t\t\t\t\t\t\t\t\t\t\t\t\t\t\t<\/div>\n\t\t\t\t<div class=\"elementor-element elementor-element-89aa663 elementor-widget elementor-widget-image\" data-id=\"89aa663\" data-element_type=\"widget\" data-e-type=\"widget\" data-widget_type=\"image.default\">\n\t\t\t\t\t\t\t\t\t\t\t\t\t\t\t<img loading=\"lazy\" decoding=\"async\" width=\"900\" height=\"353\" src=\"https:\/\/www.officinenautilus.it\/wp-content\/uploads\/2026\/04\/Terrazza.png\" class=\"attachment-large size-large wp-image-13\" alt=\"\" srcset=\"https:\/\/www.officinenautilus.it\/wp-content\/uploads\/2026\/04\/Terrazza.png 900w, https:\/\/www.officinenautilus.it\/wp-content\/uploads\/2026\/04\/Terrazza-300x118.png 300w, https:\/\/www.officinenautilus.it\/wp-content\/uploads\/2026\/04\/Terrazza-768x301.png 768w\" sizes=\"(max-width: 900px) 100vw, 900px\" \/>\t\t\t\t\t\t\t\t\t\t\t\t\t\t\t<\/div>\n\t\t\t\t<\/div>\n\t\t\t\t<\/div>\n\t\t\t\t<\/div>\n\t\t<div class=\"elementor-element elementor-element-953d9bb e-con-full e-flex e-con e-parent\" data-id=\"953d9bb\" data-element_type=\"container\" data-e-type=\"container\" data-settings=\"{&quot;background_background&quot;:&quot;classic&quot;}\">\n\t\t\t\t<div class=\"elementor-element elementor-element-a4886e2 elementor-widget elementor-widget-image\" data-id=\"a4886e2\" data-element_type=\"widget\" data-e-type=\"widget\" data-widget_type=\"image.default\">\n\t\t\t\t\t\t\t\t\t\t\t\t\t\t\t<img loading=\"lazy\" decoding=\"async\" width=\"200\" height=\"71\" src=\"https:\/\/www.officinenautilus.it\/wp-content\/uploads\/2026\/04\/NAUTILUS_logo_footer.png\" class=\"attachment-large size-large wp-image-12\" alt=\"\" \/>\t\t\t\t\t\t\t\t\t\t\t\t\t\t\t<\/div>\n\t\t\t\t<\/div>\n\t\t\t\t<\/div>\n\t\t","protected":false},"excerpt":{"rendered":"<p>American Coffee Bar London Bakery Ice Cream Pasticceria Napoletana Cocktail Happy Hour Wine Store NON IL SOLITO BAR Un unico luogo per un Multistore d&#8217;eccellenza il solito bar cede il posto a servizi unici e particolari. Caffetteria (caff\u00e8 speciali, american coffee style), Bevande (Cocktail, th\u00e9, distillati), Paticceria, London Bakery e Gelateria Nel nostro store &#8211; [&hellip;]<\/p>\n","protected":false},"author":1,"featured_media":0,"parent":0,"menu_order":0,"comment_status":"closed","ping_status":"closed","template":"elementor_canvas","meta":{"footnotes":""},"class_list":["post-42","page","type-page","status-publish","hentry"],"_links":{"self":[{"href":"https:\/\/www.officinenautilus.it\/index.php?rest_route=\/wp\/v2\/pages\/42","targetHints":{"allow":["GET"]}}],"collection":[{"href":"https:\/\/www.officinenautilus.it\/index.php?rest_route=\/wp\/v2\/pages"}],"about":[{"href":"https:\/\/www.officinenautilus.it\/index.php?rest_route=\/wp\/v2\/types\/page"}],"author":[{"embeddable":true,"href":"https:\/\/www.officinenautilus.it\/index.php?rest_route=\/wp\/v2\/users\/1"}],"replies":[{"embeddable":true,"href":"https:\/\/www.officinenautilus.it\/index.php?rest_route=%2Fwp%2Fv2%2Fcomments&post=42"}],"version-history":[{"count":13,"href":"https:\/\/www.officinenautilus.it\/index.php?rest_route=\/wp\/v2\/pages\/42\/revisions"}],"predecessor-version":[{"id":68,"href":"https:\/\/www.officinenautilus.it\/index.php?rest_route=\/wp\/v2\/pages\/42\/revisions\/68"}],"wp:attachment":[{"href":"https:\/\/www.officinenautilus.it\/index.php?rest_route=%2Fwp%2Fv2%2Fmedia&parent=42"}],"curies":[{"name":"wp","href":"https:\/\/api.w.org\/{rel}","templated":true}]}}